{"id":1453,"date":"2016-06-10T12:14:24","date_gmt":"2016-06-10T12:14:24","guid":{"rendered":"https:\/\/jm-zug.ch\/ueber-uns\/"},"modified":"2020-08-04T12:22:35","modified_gmt":"2020-08-04T10:22:35","slug":"ueber-uns","status":"publish","type":"page","link":"https:\/\/jm-zug.ch\/en\/ueber-uns\/","title":{"rendered":"About us"},"content":{"rendered":"<div class=\"wpb-content-wrapper\"><p>[vc_row][vc_column][vc_custom_heading source=&#8221;post_title&#8221; font_container=&#8221;tag:h1|text_align:left&#8221; use_theme_fonts=&#8221;yes&#8221;][lab_team_members columns_count=&#8221;4&#8243; reveal_effect=&#8221;fadeIn-one&#8221; hover_style=&#8221;distanced&#8221; hover_bg=&#8221;rgba(221,31,38,0.84)&#8221; img_size=&#8221;524&#215;640&#8243;][lab_team_members_member image=&#8221;1021&#8243; name=&#8221;Jacqueline&#8221; sub_title=&#8221;Owner and personal trainer&#8221; link=&#8221;url:http%3A%2F%2Fjm-zug.ch%2Fueber-uns%2Fjacqueline-michaud%2F|||&#8221;][lab_team_members_member image=&#8221;1018&#8243; name=&#8221;Albert&#8221; sub_title=&#8221;Masseur&#8221; link=&#8221;url:http%3A%2F%2Fjm-zug.ch%2Fueber-uns%2Falbert-kappeler%2F|||&#8221;][\/lab_team_members][\/vc_column][\/vc_row][vc_row css=&#8221;.vc_custom_1513332569017{margin-top: 20px !important;}&#8221;][vc_column][vc_custom_heading text=&#8221;Customer reviews&#8221; google_fonts=&#8221;font_family:Roboto%3A100%2C100italic%2C300%2C300italic%2Cregular%2Citalic%2C500%2C500italic%2C700%2C700italic%2C900%2C900italic|font_style:500%20bold%20italic%3A500%3Aitalic&#8221;][vc_row_inner css=&#8221;.vc_custom_1513334796731{margin-bottom: 20px !important;padding-right: 20px !important;padding-left: 20px !important;background-color: #eeeeee !important;}&#8221;][vc_column_inner][vc_column_text]<\/p>\n<h3><span lang=\"EN-GB\">Marlies Hausherr, Zug<\/span><\/h3>\n<p>&#8220;<span lang=\"EN-GB\">Since 2014, I have been attending a weekly group fitness course with Jacqueline, and it is something I would not like to do without.\u00a0 It is not any old boring Yoga class, but a versatile and varied fitness improvement programme that covers all aspects of fitness, such as stamina, stretching, developing muscle strength, flexibility and stability. Jacqueline knows what each individual member of the class needs and includes the appropriate exercises.\u00a0Thanks to her many years of experience, nothing escapes her watchful eye, not even the tiniest of incorrect movements, and she knows how to get the best out of every class member. The training, which is designed to motivate, spurs me on, and it has radically improved my health, my well-being, and in particular, my posture. My fitness lesson has become a fixed date in my diary.<\/span>&#8220;[\/vc_column_text][\/vc_column_inner][\/vc_row_inner][vc_row_inner css=&#8221;.vc_custom_1513334796731{margin-bottom: 20px !important;padding-right: 20px !important;padding-left: 20px !important;background-color: #eeeeee !important;}&#8221;][vc_column_inner][vc_column_text]<\/p>\n<h3>Ruth Weiss, Zug<\/h3>\n<p>&#8220;I was really impressed by Jacqueline during a yoga course in 2014 \u2013 and that made me decide to register for a personal training course with her. I now look forward to my sessions with her twice a week. There\u2019s truly nothing better than being able to pursue a training approach that is precisely tailored to my needs, and to have a trainer who watches me closely and corrects me in a humorous way when I make a mistake. Jacqueline\u2019s high spirits, her tremendous knowledge and her targeted training technique bring strength to my body and the right attitude to my mind. My quality of life, in both a physical and mental sense, has improved since I started working with Jacqueline.&#8221;[\/vc_column_text][\/vc_column_inner][\/vc_row_inner][vc_row_inner css=&#8221;.vc_custom_1513334801449{margin-bottom: 20px !important;padding-right: 20px !important;padding-left: 20px !important;background-color: #eeeeee !important;}&#8221;][vc_column_inner][vc_column_text]<\/p>\n<h3>Jeannette Bussmann-Rechsteiner, Zug<\/h3>\n<p>&#8220;When a woman notices that her strength is fading, that even the most minor physical exertion becomes a torture, and that neither movement nor immobility make her feel better, then it\u2019s time to get some good advice! I met Jacqueline for the first time in the spring of 2011, when I was 60. She taught me very quickly how to recognise what I needed to work on. Her many years of experience, her dedication and her positive attitude have led me to regularly attend my weekly training sessions despite the fibromyalgia that I suffer from. I am truly grateful to Jacqueline.&#8221;[\/vc_column_text][\/vc_column_inner][\/vc_row_inner][vc_row_inner css=&#8221;.vc_custom_1513334801449{margin-bottom: 20px !important;padding-right: 20px !important;padding-left: 20px !important;background-color: #eeeeee !important;}&#8221;][vc_column_inner][vc_column_text]<\/p>\n<h3>Lorenz Oberer, Finstersee<\/h3>\n<p>&#8220;I\u2019ve been regularly attending personal training courses taught by Jacqueline Michaud since the beginning of 2004. The training sessions have taught me to work with discipline to improve my physical condition. I\u2019ve since developed a real love of movement and exercise. My training is now a major part of my life that I couldn\u2019t imagine being without.&#8221;[\/vc_column_text][\/vc_column_inner][\/vc_row_inner][vc_row_inner css=&#8221;.vc_custom_1513334801449{margin-bottom: 20px !important;padding-right: 20px !important;padding-left: 20px !important;background-color: #eeeeee !important;}&#8221;][vc_column_inner][vc_column_text]<\/p>\n<h3>Judith Aklin, Cham<\/h3>\n<p>&#8220;I can always still remember my training sessions days later \u2013 not just because of the sore muscles, but also because of Jacqueline. She\u2019s always in a good mood and full of energy, and she always manages to get me to do my best. She never misses a detail either; she quickly notices every problem, no matter how minor. Every session is different, but all of them are aligned with my needs. As the saying goes: No pain, no gain. And that\u2019s exactly how it is. Thank you, Jacqueline!&#8221;[\/vc_column_text][\/vc_column_inner][\/vc_row_inner][vc_row_inner css=&#8221;.vc_custom_1513334801449{margin-bottom: 20px !important;padding-right: 20px !important;padding-left: 20px !important;background-color: #eeeeee !important;}&#8221;][vc_column_inner][vc_column_text]<\/p>\n<h3>Jasmin Riesen, Beinwil Freiamt<\/h3>\n<p>&#8220;Once every week, I show up at Jacqueline\u2019s door tired and exhausted from my busy day and ask myself: Where am I going to get the strength to do my personal training session today? But when I leave the studio an hour later I always have a smile on my face and in my heart. I\u2019m alert and focused and feel very comfortable in my body. Jacqueline has been a constant source of motivation and joy for me for years now. Thank you, Jacqueline!&#8221;[\/vc_column_text][\/vc_column_inner][\/vc_row_inner][vc_row_inner css=&#8221;.vc_custom_1513334801449{margin-bottom: 20px !important;padding-right: 20px !important;padding-left: 20px !important;background-color: #eeeeee !important;}&#8221;][vc_column_inner][vc_column_text]<\/p>\n<h3>Erika Gempeler, Rotkreuz<\/h3>\n<p>&#8220;I\u2019ve been in a personal training programme with Jacqueline since the spring of 2009. I had severe back pain at the time and tried to get some relief with physiotherapy and similar techniques. Jacqueline tailors my training programme precisely to my needs and she\u2019s always well prepared. She has shown me many exercises that I can easily incorporate into my daily routine. My sessions with her are always fun and high spirited. Her extensive specialist knowledge makes her the perfect person to go to for advice about my health. My regular training with Jacqueline has improved my posture and strengthened my muscles. When I have back pain now, I know exactly why it\u2019s happening and how I need to move to make it go away. &#8220;[\/vc_column_text][\/vc_column_inner][\/vc_row_inner][vc_row_inner css=&#8221;.vc_custom_1513334801449{margin-bottom: 20px !important;padding-right: 20px !important;padding-left: 20px !important;background-color: #eeeeee !important;}&#8221;][vc_column_inner][vc_column_text]<\/p>\n<h3>Rita Degen, Rothenburg<\/h3>\n<p>&#8220;I learned that I had multiple sclerosis 17 years ago. After that, a walker and stick became my constant companions. Then something very positive happened in 2004. I met Jacqueline and since then I\u2019ve been regularly participating in a personal training programme with her. Things have certainly improved! These days, I can walk without a stick and I\u2019ve even started driving again. I feel much freer and more independent. Thanks to the training, my MS has stabilised \u2013 my neurologist has confirmed it, and he also told me I should definitely continue my personal training programme. Jacqueline gives me tremendous strength with her contagious sense of humour and her lust for life!&#8221;[\/vc_column_text][\/vc_column_inner][\/vc_row_inner][\/vc_column][\/vc_row]<\/p>\n<\/div>","protected":false},"excerpt":{"rendered":"<p>[vc_row][vc_column][vc_custom_heading source=&#8221;post_title&#8221; font_container=&#8221;tag:h1|text_align:left&#8221; use_theme_fonts=&#8221;yes&#8221;][lab_team_members columns_count=&#8221;4&#8243; reveal_effect=&#8221;fadeIn-one&#8221; hover_style=&#8221;distanced&#8221; hover_bg=&#8221;rgba(221,31,38,0.84)&#8221; img_size=&#8221;524&#215;640&#8243;][lab_team_members_member image=&#8221;1021&#8243; name=&#8221;Jacqueline&#8221; sub_title=&#8221;Owner and personal trainer&#8221; link=&#8221;url:http%3A%2F%2Fjm-zug.ch%2Fueber-uns%2Fjacqueline-michaud%2F|||&#8221;][lab_team_members_member image=&#8221;1018&#8243; name=&#8221;Albert&#8221; sub_title=&#8221;Masseur&#8221; link=&#8221;url:http%3A%2F%2Fjm-zug.ch%2Fueber-uns%2Falbert-kappeler%2F|||&#8221;][\/lab_team_members][\/vc_column][\/vc_row][vc_row css=&#8221;.vc_custom_1513332569017{margin-top: 20px !important;}&#8221;][vc_column][vc_custom_heading text=&#8221;Customer reviews&#8221; google_fonts=&#8221;font_family:Roboto%3A100%2C100italic%2C300%2C300italic%2Cregular%2Citalic%2C500%2C500italic%2C700%2C700italic%2C900%2C900italic|font_style:500%20bold%20italic%3A500%3Aitalic&#8221;][vc_row_inner css=&#8221;.vc_custom_1513334796731{margin-bottom: 20px !important;padding-right: 20px !important;padding-left: 20px !important;background-color: #eeeeee !important;}&#8221;][vc_column_inner][vc_column_text] Marlies Hausherr, Zug &#8220;Since 2014, I have been attending a weekly group fitness course with Jacqueline, and it is something&hellip;<\/p>\n","protected":false},"author":4,"featured_media":0,"parent":0,"menu_order":1,"comment_status":"closed","ping_status":"closed","template":"","meta":{"_acf_changed":false,"footnotes":""},"class_list":["post-1453","page","type-page","status-publish","hentry"],"acf":[],"yoast_head":"<!-- This site is optimized with the Yoast SEO plugin v26.8 - https:\/\/yoast.com\/product\/yoast-seo-wordpress\/ -->\n<title>Kundenstimmen | \u00dcber uns | JM Training in Zug<\/title>\n<meta name=\"description\" content=\"Hier finden Sie einige Kundenstimmen \u00fcber das Personal Training von JM Training in Zug. Lassen Sie sich von den Erfahrungen \u00fcberzeugen.\" \/>\n<meta name=\"robots\" content=\"index, follow, max-snippet:-1, max-image-preview:large, max-video-preview:-1\" \/>\n<link rel=\"canonical\" href=\"https:\/\/jm-zug.ch\/en\/ueber-uns\/\" \/>\n<meta property=\"og:locale\" content=\"en_US\" \/>\n<meta property=\"og:type\" content=\"article\" \/>\n<meta property=\"og:title\" content=\"Kundenstimmen | \u00dcber uns | JM Training in Zug\" \/>\n<meta property=\"og:description\" content=\"Hier finden Sie einige Kundenstimmen \u00fcber das Personal Training von JM Training in Zug. Lassen Sie sich von den Erfahrungen \u00fcberzeugen.\" \/>\n<meta property=\"og:url\" content=\"https:\/\/jm-zug.ch\/en\/ueber-uns\/\" \/>\n<meta property=\"og:site_name\" content=\"Jacqueline Michaud \u2013 Personal Fitness Training\" \/>\n<meta property=\"article:modified_time\" content=\"2020-08-04T10:22:35+00:00\" \/>\n<meta name=\"twitter:card\" content=\"summary_large_image\" \/>\n<meta name=\"twitter:label1\" content=\"Est. reading time\" \/>\n\t<meta name=\"twitter:data1\" content=\"6 minutes\" \/>\n<script type=\"application\/ld+json\" class=\"yoast-schema-graph\">{\"@context\":\"https:\/\/schema.org\",\"@graph\":[{\"@type\":\"WebPage\",\"@id\":\"https:\/\/jm-zug.ch\/en\/ueber-uns\/\",\"url\":\"https:\/\/jm-zug.ch\/en\/ueber-uns\/\",\"name\":\"Kundenstimmen | \u00dcber uns | JM Training in Zug\",\"isPartOf\":{\"@id\":\"https:\/\/jm-zug.ch\/#website\"},\"datePublished\":\"2016-06-10T12:14:24+00:00\",\"dateModified\":\"2020-08-04T10:22:35+00:00\",\"description\":\"Hier finden Sie einige Kundenstimmen \u00fcber das Personal Training von JM Training in Zug. Lassen Sie sich von den Erfahrungen \u00fcberzeugen.\",\"breadcrumb\":{\"@id\":\"https:\/\/jm-zug.ch\/en\/ueber-uns\/#breadcrumb\"},\"inLanguage\":\"en-US\",\"potentialAction\":[{\"@type\":\"ReadAction\",\"target\":[\"https:\/\/jm-zug.ch\/en\/ueber-uns\/\"]}]},{\"@type\":\"BreadcrumbList\",\"@id\":\"https:\/\/jm-zug.ch\/en\/ueber-uns\/#breadcrumb\",\"itemListElement\":[{\"@type\":\"ListItem\",\"position\":1,\"name\":\"Home\",\"item\":\"https:\/\/jm-zug.ch\/en\/\"},{\"@type\":\"ListItem\",\"position\":2,\"name\":\"About us\"}]},{\"@type\":\"WebSite\",\"@id\":\"https:\/\/jm-zug.ch\/#website\",\"url\":\"https:\/\/jm-zug.ch\/\",\"name\":\"Jacqueline Michaud \u2013 Personal Fitness Training\",\"description\":\"Zentrum f\u00fcr Personal Training\",\"potentialAction\":[{\"@type\":\"SearchAction\",\"target\":{\"@type\":\"EntryPoint\",\"urlTemplate\":\"https:\/\/jm-zug.ch\/?s={search_term_string}\"},\"query-input\":{\"@type\":\"PropertyValueSpecification\",\"valueRequired\":true,\"valueName\":\"search_term_string\"}}],\"inLanguage\":\"en-US\"}]}<\/script>\n<!-- \/ Yoast SEO plugin. -->","yoast_head_json":{"title":"Kundenstimmen | \u00dcber uns | JM Training in Zug","description":"Hier finden Sie einige Kundenstimmen \u00fcber das Personal Training von JM Training in Zug. Lassen Sie sich von den Erfahrungen \u00fcberzeugen.","robots":{"index":"index","follow":"follow","max-snippet":"max-snippet:-1","max-image-preview":"max-image-preview:large","max-video-preview":"max-video-preview:-1"},"canonical":"https:\/\/jm-zug.ch\/en\/ueber-uns\/","og_locale":"en_US","og_type":"article","og_title":"Kundenstimmen | \u00dcber uns | JM Training in Zug","og_description":"Hier finden Sie einige Kundenstimmen \u00fcber das Personal Training von JM Training in Zug. Lassen Sie sich von den Erfahrungen \u00fcberzeugen.","og_url":"https:\/\/jm-zug.ch\/en\/ueber-uns\/","og_site_name":"Jacqueline Michaud \u2013 Personal Fitness Training","article_modified_time":"2020-08-04T10:22:35+00:00","twitter_card":"summary_large_image","twitter_misc":{"Est. reading time":"6 minutes"},"schema":{"@context":"https:\/\/schema.org","@graph":[{"@type":"WebPage","@id":"https:\/\/jm-zug.ch\/en\/ueber-uns\/","url":"https:\/\/jm-zug.ch\/en\/ueber-uns\/","name":"Kundenstimmen | \u00dcber uns | JM Training in Zug","isPartOf":{"@id":"https:\/\/jm-zug.ch\/#website"},"datePublished":"2016-06-10T12:14:24+00:00","dateModified":"2020-08-04T10:22:35+00:00","description":"Hier finden Sie einige Kundenstimmen \u00fcber das Personal Training von JM Training in Zug. Lassen Sie sich von den Erfahrungen \u00fcberzeugen.","breadcrumb":{"@id":"https:\/\/jm-zug.ch\/en\/ueber-uns\/#breadcrumb"},"inLanguage":"en-US","potentialAction":[{"@type":"ReadAction","target":["https:\/\/jm-zug.ch\/en\/ueber-uns\/"]}]},{"@type":"BreadcrumbList","@id":"https:\/\/jm-zug.ch\/en\/ueber-uns\/#breadcrumb","itemListElement":[{"@type":"ListItem","position":1,"name":"Home","item":"https:\/\/jm-zug.ch\/en\/"},{"@type":"ListItem","position":2,"name":"About us"}]},{"@type":"WebSite","@id":"https:\/\/jm-zug.ch\/#website","url":"https:\/\/jm-zug.ch\/","name":"Jacqueline Michaud \u2013 Personal Fitness Training","description":"Zentrum f\u00fcr Personal Training","potentialAction":[{"@type":"SearchAction","target":{"@type":"EntryPoint","urlTemplate":"https:\/\/jm-zug.ch\/?s={search_term_string}"},"query-input":{"@type":"PropertyValueSpecification","valueRequired":true,"valueName":"search_term_string"}}],"inLanguage":"en-US"}]}},"_links":{"self":[{"href":"https:\/\/jm-zug.ch\/en\/wp-json\/wp\/v2\/pages\/1453","targetHints":{"allow":["GET"]}}],"collection":[{"href":"https:\/\/jm-zug.ch\/en\/wp-json\/wp\/v2\/pages"}],"about":[{"href":"https:\/\/jm-zug.ch\/en\/wp-json\/wp\/v2\/types\/page"}],"author":[{"embeddable":true,"href":"https:\/\/jm-zug.ch\/en\/wp-json\/wp\/v2\/users\/4"}],"replies":[{"embeddable":true,"href":"https:\/\/jm-zug.ch\/en\/wp-json\/wp\/v2\/comments?post=1453"}],"version-history":[{"count":7,"href":"https:\/\/jm-zug.ch\/en\/wp-json\/wp\/v2\/pages\/1453\/revisions"}],"predecessor-version":[{"id":1895,"href":"https:\/\/jm-zug.ch\/en\/wp-json\/wp\/v2\/pages\/1453\/revisions\/1895"}],"wp:attachment":[{"href":"https:\/\/jm-zug.ch\/en\/wp-json\/wp\/v2\/media?parent=1453"}],"curies":[{"name":"wp","href":"https:\/\/api.w.org\/{rel}","templated":true}]}}