{"id":1463,"date":"2017-12-15T16:34:24","date_gmt":"2017-12-15T15:34:24","guid":{"rendered":"https:\/\/jm-zug.ch\/ueber-uns\/albert-kappeler\/"},"modified":"2018-01-22T11:33:20","modified_gmt":"2018-01-22T10:33:20","slug":"albert-kappeler","status":"publish","type":"page","link":"https:\/\/jm-zug.ch\/en\/ueber-uns\/albert-kappeler\/","title":{"rendered":"Albert Kappeler"},"content":{"rendered":"<div class=\"wpb-content-wrapper\"><p>[vc_row][vc_column width=&#8221;1\/2&#8243;][vc_custom_heading source=&#8221;post_title&#8221; font_container=&#8221;tag:h1|text_align:left&#8221; use_theme_fonts=&#8221;yes&#8221;][vc_custom_heading text=&#8221;Masseur&#8221; google_fonts=&#8221;font_family:Roboto%3A100%2C100italic%2C300%2C300italic%2Cregular%2Citalic%2C500%2C500italic%2C700%2C700italic%2C900%2C900italic|font_style:300%20light%20italic%3A300%3Aitalic&#8221;][vc_column_text]Albert Kappeler is a certified masseur and has many years of experience with various massage techniques. After completing his training as a traditional masseur, Albert began taking courses in other massage techniques, including the Breuss spinal column massage. These days, Albert performs massages \u201conly\u201d out of passion; he actually works most of the time in a different profession. His passion allows him to dedicate a lot of time and, if necessary, strength, to his clients \u2013 and motivate them with his enthusiasm as well.<\/p>\n<p>Along with sport and relaxation massages, Albert also offers clients special techniques such as swing cushion massage therapy. <a href=\"https:\/\/jm-zug.ch\/angebot\/#treatments\">Massages<\/a>[\/vc_column_text][\/vc_column][vc_column width=&#8221;1\/2&#8243;][vc_single_image image=&#8221;1018&#8243; img_size=&#8221;full&#8221;][\/vc_column][\/vc_row]<\/p>\n<\/div>","protected":false},"excerpt":{"rendered":"<p>[vc_row][vc_column width=&#8221;1\/2&#8243;][vc_custom_heading source=&#8221;post_title&#8221; font_container=&#8221;tag:h1|text_align:left&#8221; use_theme_fonts=&#8221;yes&#8221;][vc_custom_heading text=&#8221;Masseur&#8221; google_fonts=&#8221;font_family:Roboto%3A100%2C100italic%2C300%2C300italic%2Cregular%2Citalic%2C500%2C500italic%2C700%2C700italic%2C900%2C900italic|font_style:300%20light%20italic%3A300%3Aitalic&#8221;][vc_column_text]Albert Kappeler is a certified masseur and has many years of experience with various massage techniques. After completing his training as a traditional masseur, Albert began taking courses in other massage techniques, including the Breuss spinal column massage. These days, Albert performs massages \u201conly\u201d out of passion; he actually&hellip;<\/p>\n","protected":false},"author":4,"featured_media":0,"parent":1453,"menu_order":2,"comment_status":"closed","ping_status":"closed","template":"","meta":{"_acf_changed":false,"footnotes":""},"class_list":["post-1463","page","type-page","status-publish","hentry"],"acf":[],"yoast_head":"<!-- This site is optimized with the Yoast SEO plugin v26.8 - https:\/\/yoast.com\/product\/yoast-seo-wordpress\/ -->\n<title>\u00dcber Albert Kappeler | diplomierter Masseur | JM Training<\/title>\n<meta name=\"description\" content=\"Albert Kappeler ist diplomierter Masseur und verf\u00fcgt \u00fcber langj\u00e4hrige Erfahrung in verschiedenen Massagetechniken. Erfahren Sie mehr \u00fcber ihn.\" \/>\n<meta name=\"robots\" content=\"index, follow, max-snippet:-1, max-image-preview:large, max-video-preview:-1\" \/>\n<link rel=\"canonical\" href=\"https:\/\/jm-zug.ch\/en\/ueber-uns\/albert-kappeler\/\" \/>\n<meta property=\"og:locale\" content=\"en_US\" \/>\n<meta property=\"og:type\" content=\"article\" \/>\n<meta property=\"og:title\" content=\"\u00dcber Albert Kappeler | diplomierter Masseur | JM Training\" \/>\n<meta property=\"og:description\" content=\"Albert Kappeler ist diplomierter Masseur und verf\u00fcgt \u00fcber langj\u00e4hrige Erfahrung in verschiedenen Massagetechniken. Erfahren Sie mehr \u00fcber ihn.\" \/>\n<meta property=\"og:url\" content=\"https:\/\/jm-zug.ch\/en\/ueber-uns\/albert-kappeler\/\" \/>\n<meta property=\"og:site_name\" content=\"Jacqueline Michaud \u2013 Personal Fitness Training\" \/>\n<meta property=\"article:modified_time\" content=\"2018-01-22T10:33:20+00:00\" \/>\n<meta name=\"twitter:card\" content=\"summary_large_image\" \/>\n<meta name=\"twitter:label1\" content=\"Est. reading time\" \/>\n\t<meta name=\"twitter:data1\" content=\"1 minute\" \/>\n<script type=\"application\/ld+json\" class=\"yoast-schema-graph\">{\"@context\":\"https:\/\/schema.org\",\"@graph\":[{\"@type\":\"WebPage\",\"@id\":\"https:\/\/jm-zug.ch\/en\/ueber-uns\/albert-kappeler\/\",\"url\":\"https:\/\/jm-zug.ch\/en\/ueber-uns\/albert-kappeler\/\",\"name\":\"\u00dcber Albert Kappeler | diplomierter Masseur | JM Training\",\"isPartOf\":{\"@id\":\"https:\/\/jm-zug.ch\/#website\"},\"datePublished\":\"2017-12-15T15:34:24+00:00\",\"dateModified\":\"2018-01-22T10:33:20+00:00\",\"description\":\"Albert Kappeler ist diplomierter Masseur und verf\u00fcgt \u00fcber langj\u00e4hrige Erfahrung in verschiedenen Massagetechniken. Erfahren Sie mehr \u00fcber ihn.\",\"breadcrumb\":{\"@id\":\"https:\/\/jm-zug.ch\/en\/ueber-uns\/albert-kappeler\/#breadcrumb\"},\"inLanguage\":\"en-US\",\"potentialAction\":[{\"@type\":\"ReadAction\",\"target\":[\"https:\/\/jm-zug.ch\/en\/ueber-uns\/albert-kappeler\/\"]}]},{\"@type\":\"BreadcrumbList\",\"@id\":\"https:\/\/jm-zug.ch\/en\/ueber-uns\/albert-kappeler\/#breadcrumb\",\"itemListElement\":[{\"@type\":\"ListItem\",\"position\":1,\"name\":\"Home\",\"item\":\"https:\/\/jm-zug.ch\/en\/\"},{\"@type\":\"ListItem\",\"position\":2,\"name\":\"About us\",\"item\":\"https:\/\/jm-zug.ch\/en\/ueber-uns\/\"},{\"@type\":\"ListItem\",\"position\":3,\"name\":\"Albert Kappeler\"}]},{\"@type\":\"WebSite\",\"@id\":\"https:\/\/jm-zug.ch\/#website\",\"url\":\"https:\/\/jm-zug.ch\/\",\"name\":\"Jacqueline Michaud \u2013 Personal Fitness Training\",\"description\":\"Zentrum f\u00fcr Personal Training\",\"potentialAction\":[{\"@type\":\"SearchAction\",\"target\":{\"@type\":\"EntryPoint\",\"urlTemplate\":\"https:\/\/jm-zug.ch\/?s={search_term_string}\"},\"query-input\":{\"@type\":\"PropertyValueSpecification\",\"valueRequired\":true,\"valueName\":\"search_term_string\"}}],\"inLanguage\":\"en-US\"}]}<\/script>\n<!-- \/ Yoast SEO plugin. -->","yoast_head_json":{"title":"\u00dcber Albert Kappeler | diplomierter Masseur | JM Training","description":"Albert Kappeler ist diplomierter Masseur und verf\u00fcgt \u00fcber langj\u00e4hrige Erfahrung in verschiedenen Massagetechniken. Erfahren Sie mehr \u00fcber ihn.","robots":{"index":"index","follow":"follow","max-snippet":"max-snippet:-1","max-image-preview":"max-image-preview:large","max-video-preview":"max-video-preview:-1"},"canonical":"https:\/\/jm-zug.ch\/en\/ueber-uns\/albert-kappeler\/","og_locale":"en_US","og_type":"article","og_title":"\u00dcber Albert Kappeler | diplomierter Masseur | JM Training","og_description":"Albert Kappeler ist diplomierter Masseur und verf\u00fcgt \u00fcber langj\u00e4hrige Erfahrung in verschiedenen Massagetechniken. Erfahren Sie mehr \u00fcber ihn.","og_url":"https:\/\/jm-zug.ch\/en\/ueber-uns\/albert-kappeler\/","og_site_name":"Jacqueline Michaud \u2013 Personal Fitness Training","article_modified_time":"2018-01-22T10:33:20+00:00","twitter_card":"summary_large_image","twitter_misc":{"Est. reading time":"1 minute"},"schema":{"@context":"https:\/\/schema.org","@graph":[{"@type":"WebPage","@id":"https:\/\/jm-zug.ch\/en\/ueber-uns\/albert-kappeler\/","url":"https:\/\/jm-zug.ch\/en\/ueber-uns\/albert-kappeler\/","name":"\u00dcber Albert Kappeler | diplomierter Masseur | JM Training","isPartOf":{"@id":"https:\/\/jm-zug.ch\/#website"},"datePublished":"2017-12-15T15:34:24+00:00","dateModified":"2018-01-22T10:33:20+00:00","description":"Albert Kappeler ist diplomierter Masseur und verf\u00fcgt \u00fcber langj\u00e4hrige Erfahrung in verschiedenen Massagetechniken. Erfahren Sie mehr \u00fcber ihn.","breadcrumb":{"@id":"https:\/\/jm-zug.ch\/en\/ueber-uns\/albert-kappeler\/#breadcrumb"},"inLanguage":"en-US","potentialAction":[{"@type":"ReadAction","target":["https:\/\/jm-zug.ch\/en\/ueber-uns\/albert-kappeler\/"]}]},{"@type":"BreadcrumbList","@id":"https:\/\/jm-zug.ch\/en\/ueber-uns\/albert-kappeler\/#breadcrumb","itemListElement":[{"@type":"ListItem","position":1,"name":"Home","item":"https:\/\/jm-zug.ch\/en\/"},{"@type":"ListItem","position":2,"name":"About us","item":"https:\/\/jm-zug.ch\/en\/ueber-uns\/"},{"@type":"ListItem","position":3,"name":"Albert Kappeler"}]},{"@type":"WebSite","@id":"https:\/\/jm-zug.ch\/#website","url":"https:\/\/jm-zug.ch\/","name":"Jacqueline Michaud \u2013 Personal Fitness Training","description":"Zentrum f\u00fcr Personal Training","potentialAction":[{"@type":"SearchAction","target":{"@type":"EntryPoint","urlTemplate":"https:\/\/jm-zug.ch\/?s={search_term_string}"},"query-input":{"@type":"PropertyValueSpecification","valueRequired":true,"valueName":"search_term_string"}}],"inLanguage":"en-US"}]}},"_links":{"self":[{"href":"https:\/\/jm-zug.ch\/en\/wp-json\/wp\/v2\/pages\/1463","targetHints":{"allow":["GET"]}}],"collection":[{"href":"https:\/\/jm-zug.ch\/en\/wp-json\/wp\/v2\/pages"}],"about":[{"href":"https:\/\/jm-zug.ch\/en\/wp-json\/wp\/v2\/types\/page"}],"author":[{"embeddable":true,"href":"https:\/\/jm-zug.ch\/en\/wp-json\/wp\/v2\/users\/4"}],"replies":[{"embeddable":true,"href":"https:\/\/jm-zug.ch\/en\/wp-json\/wp\/v2\/comments?post=1463"}],"version-history":[{"count":2,"href":"https:\/\/jm-zug.ch\/en\/wp-json\/wp\/v2\/pages\/1463\/revisions"}],"predecessor-version":[{"id":1465,"href":"https:\/\/jm-zug.ch\/en\/wp-json\/wp\/v2\/pages\/1463\/revisions\/1465"}],"up":[{"embeddable":true,"href":"https:\/\/jm-zug.ch\/en\/wp-json\/wp\/v2\/pages\/1453"}],"wp:attachment":[{"href":"https:\/\/jm-zug.ch\/en\/wp-json\/wp\/v2\/media?parent=1463"}],"curies":[{"name":"wp","href":"https:\/\/api.w.org\/{rel}","templated":true}]}}